{"id":4651,"date":"2024-07-26T11:05:41","date_gmt":"2024-07-26T09:05:41","guid":{"rendered":"https:\/\/algerie.diplomatie.gov.bf\/?page_id=4651"},"modified":"2024-12-10T23:42:20","modified_gmt":"2024-12-10T22:42:20","slug":"informations","status":"publish","type":"page","link":"https:\/\/algerie.diplomatie.gov.bf\/index.php\/informations\/","title":{"rendered":"Informations"},"content":{"rendered":"\t\t<div data-elementor-type=\"wp-page\" data-elementor-id=\"4651\" class=\"elementor elementor-4651\" data-elementor-post-type=\"page\">\n\t\t\t\t<div data-particle_enable=\"false\" data-particle-mobile-disabled=\"false\" class=\"elementor-element elementor-element-74e3b7d e-flex e-con-boxed e-con e-parent\" data-id=\"74e3b7d\" data-element_type=\"container\" data-e-type=\"container\">\n\t\t\t\t\t<div class=\"e-con-inner\">\n\t\t\t\t<div class=\"elementor-element elementor-element-fa8b9c7 elementor-widget elementor-widget-text-editor\" data-id=\"fa8b9c7\" data-element_type=\"widget\" data-e-type=\"widget\" data-widget_type=\"text-editor.default\">\n\t\t\t\t<div class=\"elementor-widget-container\">\n\t\t\t\t\t\t\t\t\t<p>La diaspora burkinab\u00e8 est compos\u00e9e tr\u00e8s majoritairement de migrants clandestins en transit pour l\u2019Europe. Toutefois, il arrive que certains parmi fassent de l\u2019Alg\u00e9rie leur destination finale au regard des possibilit\u00e9s de trouver du travail dans les chantiers de construction et dans les fermes agricoles notamment. Il y a \u00e9galement la communaut\u00e9 des religieuses et religieux catholiques \u00e9tablis \u00e0 Alger la capitale et dans plusieurs autres villes du pays. Tr\u00e8s dynamique, cette communaut\u00e9 forme avec la trentaine d\u2019\u00e9tudiants les seuls Burkinab\u00e8 \u00e0 \u00eatre en r\u00e8gle vis-\u00e0-vis de la r\u00e8glementation alg\u00e9rienne en mati\u00e8re de titre de s\u00e9jour en Alg\u00e9rie.<\/p>\t\t\t\t\t\t\t\t<\/div>\n\t\t\t\t<\/div>\n\t\t\t\t\t<\/div>\n\t\t\t\t<\/div>\n\t\t\t\t<\/div>\n\t\t","protected":false},"excerpt":{"rendered":"<p>La diaspora burkinab\u00e8 est compos\u00e9e tr\u00e8s majoritairement de migrants clandestins en transit pour l\u2019Europe. Toutefois, il arrive que certains parmi fassent de l\u2019Alg\u00e9rie leur destination finale au regard des possibilit\u00e9s de trouver du travail dans les chantiers de construction et dans les fermes agricoles notamment. Il y a \u00e9galement la communaut\u00e9 des religieuses et religieux [&hellip;]<\/p>\n","protected":false},"author":9,"featured_media":0,"parent":0,"menu_order":0,"comment_status":"closed","ping_status":"closed","template":"elementor_header_footer","meta":{"_acf_changed":false,"_monsterinsights_skip_tracking":false,"_monsterinsights_sitenote_active":false,"_monsterinsights_sitenote_note":"","_monsterinsights_sitenote_category":0,"footnotes":""},"class_list":["post-4651","page","type-page","status-publish","hentry"],"acf":[],"_links":{"self":[{"href":"https:\/\/algerie.diplomatie.gov.bf\/index.php\/wp-json\/wp\/v2\/pages\/4651","targetHints":{"allow":["GET"]}}],"collection":[{"href":"https:\/\/algerie.diplomatie.gov.bf\/index.php\/wp-json\/wp\/v2\/pages"}],"about":[{"href":"https:\/\/algerie.diplomatie.gov.bf\/index.php\/wp-json\/wp\/v2\/types\/page"}],"author":[{"embeddable":true,"href":"https:\/\/algerie.diplomatie.gov.bf\/index.php\/wp-json\/wp\/v2\/users\/9"}],"replies":[{"embeddable":true,"href":"https:\/\/algerie.diplomatie.gov.bf\/index.php\/wp-json\/wp\/v2\/comments?post=4651"}],"version-history":[{"count":7,"href":"https:\/\/algerie.diplomatie.gov.bf\/index.php\/wp-json\/wp\/v2\/pages\/4651\/revisions"}],"predecessor-version":[{"id":5178,"href":"https:\/\/algerie.diplomatie.gov.bf\/index.php\/wp-json\/wp\/v2\/pages\/4651\/revisions\/5178"}],"wp:attachment":[{"href":"https:\/\/algerie.diplomatie.gov.bf\/index.php\/wp-json\/wp\/v2\/media?parent=4651"}],"curies":[{"name":"wp","href":"https:\/\/api.w.org\/{rel}","templated":true}]}}